{"id":302,"date":"2025-01-29T06:57:23","date_gmt":"2025-01-29T10:57:23","guid":{"rendered":"https:\/\/coromoto2020.com\/renew\/?page_id=302"},"modified":"2025-12-19T06:28:58","modified_gmt":"2025-12-19T10:28:58","slug":"proyectos","status":"publish","type":"page","link":"https:\/\/coromoto2020.com\/renew\/proyectos\/","title":{"rendered":"Proyectos"},"content":{"rendered":"\t\t<div data-elementor-type=\"wp-page\" data-elementor-id=\"302\" class=\"elementor elementor-302\">\n\t\t\t\t<div class=\"elementor-element elementor-element-c11c3e6 e-flex e-con-boxed wpr-particle-no wpr-jarallax-no wpr-parallax-no wpr-sticky-section-no wpr-column-slider-no wpr-equal-height-no e-con e-parent\" data-id=\"c11c3e6\" data-element_type=\"container\" data-e-type=\"container\">\n\t\t\t\t\t<div class=\"e-con-inner\">\n\t\t<div class=\"elementor-element elementor-element-7b94d72 e-con-full e-flex wpr-particle-no wpr-jarallax-no wpr-parallax-no wpr-sticky-section-no wpr-column-slider-no wpr-equal-height-no e-con e-child\" data-id=\"7b94d72\" data-element_type=\"container\" data-e-type=\"container\">\n\t\t\t\t<div class=\"elementor-element elementor-element-9b093d6 elementor-widget elementor-widget-heading\" data-id=\"9b093d6\" data-element_type=\"widget\" data-e-type=\"widget\" data-widget_type=\"heading.default\">\n\t\t\t\t<div class=\"elementor-widget-container\">\n\t\t\t\t\t<h2 class=\"elementor-heading-title elementor-size-default\">PROYECTOS<\/h2>\t\t\t\t<\/div>\n\t\t\t\t<\/div>\n\t\t\t\t<\/div>\n\t\t\t\t\t<\/div>\n\t\t\t\t<\/div>\n\t\t<div class=\"elementor-element elementor-element-1601b22 e-flex e-con-boxed wpr-particle-no wpr-jarallax-no wpr-parallax-no wpr-sticky-section-no wpr-column-slider-no wpr-equal-height-no e-con e-parent\" data-id=\"1601b22\" data-element_type=\"container\" data-e-type=\"container\">\n\t\t\t\t\t<div class=\"e-con-inner\">\n\t\t<div class=\"elementor-element elementor-element-716c337 e-flex e-con-boxed wpr-particle-no wpr-jarallax-no wpr-parallax-no wpr-sticky-section-no wpr-column-slider-no wpr-equal-height-no e-con e-child\" data-id=\"716c337\" data-element_type=\"container\" data-e-type=\"container\">\n\t\t\t\t\t<div class=\"e-con-inner\">\n\t\t\t\t<div class=\"elementor-element elementor-element-07bd7d5 elementor-widget elementor-widget-text-editor\" data-id=\"07bd7d5\" data-element_type=\"widget\" data-e-type=\"widget\" data-widget_type=\"text-editor.default\">\n\t\t\t\t<div class=\"elementor-widget-container\">\n\t\t\t\t\t\t\t\t\t<p>Fortalecemos a las familias venezolanas m\u00e1s vulnerables en sus necesidades nutricionales y formaci\u00f3n&nbsp; (diplomados, talleres de habilidades blandas y de valores); transmitimos esperanza y generamos un profundo compromiso social en nuestros voluntarios.&nbsp;<\/p><p>Entregamos kits de alimentos a comedores populares y hogares de bajos recursos en ciudades venezolanas como Caracas, Barquisimeto, Carora, Valera y Maracaibo, as\u00ed como a inmigrantes y no inmigrantes en Estados Unidos.<\/p>\t\t\t\t\t\t\t\t<\/div>\n\t\t\t\t<\/div>\n\t\t\t\t\t<\/div>\n\t\t\t\t<\/div>\n\t\t\t\t\t<\/div>\n\t\t\t\t<\/div>\n\t\t<div class=\"elementor-element elementor-element-640a5aa e-flex e-con-boxed wpr-particle-no wpr-jarallax-no wpr-parallax-no wpr-sticky-section-no wpr-column-slider-no wpr-equal-height-no e-con e-parent\" data-id=\"640a5aa\" data-element_type=\"container\" data-e-type=\"container\">\n\t\t\t\t\t<div class=\"e-con-inner\">\n\t\t<div class=\"elementor-element elementor-element-ffb699b e-con-full e-flex wpr-particle-no wpr-jarallax-no wpr-parallax-no wpr-sticky-section-no wpr-column-slider-no wpr-equal-height-no e-con e-child\" data-id=\"ffb699b\" data-element_type=\"container\" data-e-type=\"container\">\n\t\t<div class=\"elementor-element elementor-element-defa511 e-con-full e-flex wpr-particle-no wpr-jarallax-no wpr-parallax-no wpr-sticky-section-no wpr-column-slider-no wpr-equal-height-no e-con e-child\" data-id=\"defa511\" data-element_type=\"container\" data-e-type=\"container\">\n\t\t\t\t<div class=\"elementor-element elementor-element-36183db elementor-position-top elementor-widget elementor-widget-image-box\" data-id=\"36183db\" data-element_type=\"widget\" data-e-type=\"widget\" data-widget_type=\"image-box.default\">\n\t\t\t\t<div class=\"elementor-widget-container\">\n\t\t\t\t\t<div class=\"elementor-image-box-wrapper\"><figure class=\"elementor-image-box-img\"><a href=\"https:\/\/www.globalgiving.org\/projects\/education-project-diploma-teachers-upskills-venezuela\/\" tabindex=\"-1\"><img decoding=\"async\" src=\"https:\/\/coromoto2020.com\/renew\/wp-content\/uploads\/elementor\/thumbs\/a90e13a2-c11a-444d-9716-9b14b844f502-rfaedf83ljw9w24c4vgcfluwfj560auedwhxxye51m.jpg\" title=\"a90e13a2-c11a-444d-9716-9b14b844f502\" alt=\"a90e13a2-c11a-444d-9716-9b14b844f502\" loading=\"lazy\" \/><\/a><\/figure><div class=\"elementor-image-box-content\"><h3 class=\"elementor-image-box-title\"><a href=\"https:\/\/www.globalgiving.org\/projects\/education-project-diploma-teachers-upskills-venezuela\/\">EDUCACI\u00d3N<\/a><\/h3><p class=\"elementor-image-box-description\">Coromoto2020, en colaboraci\u00f3n con el Centro de Innovaci\u00f3n Educativa de la UCAB, trabajamos en la modernizaci\u00f3n y el desarrollo de habilidades de aprendizaje mediante un programa de capacitaci\u00f3n innovador que dota a los docentes de las competencias necesarias para mejorar el aprendizaje y fortalecer las capacidades de los ni\u00f1os venezolanos. <\/p><\/div><\/div>\t\t\t\t<\/div>\n\t\t\t\t<\/div>\n\t\t\t\t<div class=\"elementor-element elementor-element-d2e5309 elementor-align-center elementor-widget__width-initial elementor-widget elementor-widget-button\" data-id=\"d2e5309\" data-element_type=\"widget\" data-e-type=\"widget\" data-widget_type=\"button.default\">\n\t\t\t\t<div class=\"elementor-widget-container\">\n\t\t\t\t\t\t\t\t\t<div class=\"elementor-button-wrapper\">\n\t\t\t\t\t<a class=\"elementor-button elementor-size-sm\" role=\"button\">\n\t\t\t\t\t\t<span class=\"elementor-button-content-wrapper\">\n\t\t\t\t\t\t\t\t\t<span class=\"elementor-button-text\">VER M\u00c1S<\/span>\n\t\t\t\t\t<\/span>\n\t\t\t\t\t<\/a>\n\t\t\t\t<\/div>\n\t\t\t\t\t\t\t\t<\/div>\n\t\t\t\t<\/div>\n\t\t\t\t<\/div>\n\t\t<div class=\"elementor-element elementor-element-7ea2981 e-con-full e-flex wpr-particle-no wpr-jarallax-no wpr-parallax-no wpr-sticky-section-no wpr-column-slider-no wpr-equal-height-no e-con e-child\" data-id=\"7ea2981\" data-element_type=\"container\" data-e-type=\"container\">\n\t\t\t\t<div class=\"elementor-element elementor-element-0a7c371 elementor-position-top elementor-widget elementor-widget-image-box\" data-id=\"0a7c371\" data-element_type=\"widget\" data-e-type=\"widget\" data-widget_type=\"image-box.default\">\n\t\t\t\t<div class=\"elementor-widget-container\">\n\t\t\t\t\t<div class=\"elementor-image-box-wrapper\"><figure class=\"elementor-image-box-img\"><a href=\"https:\/\/www.globalgiving.org\/projects\/aid-vulnerable-venezuelans-food-education\/\" tabindex=\"-1\"><img fetchpriority=\"high\" decoding=\"async\" width=\"810\" height=\"579\" src=\"https:\/\/coromoto2020.com\/renew\/wp-content\/uploads\/2025\/11\/Copia-de-PHOTO-2025-11-22-20-43-36.jpg\" class=\"attachment-full size-full wp-image-843\" alt=\"\" srcset=\"https:\/\/coromoto2020.com\/renew\/wp-content\/uploads\/2025\/11\/Copia-de-PHOTO-2025-11-22-20-43-36.jpg 810w, https:\/\/coromoto2020.com\/renew\/wp-content\/uploads\/2025\/11\/Copia-de-PHOTO-2025-11-22-20-43-36-300x214.jpg 300w, https:\/\/coromoto2020.com\/renew\/wp-content\/uploads\/2025\/11\/Copia-de-PHOTO-2025-11-22-20-43-36-768x549.jpg 768w\" sizes=\"(max-width: 810px) 100vw, 810px\" \/><\/a><\/figure><div class=\"elementor-image-box-content\"><h3 class=\"elementor-image-box-title\"><a href=\"https:\/\/www.globalgiving.org\/projects\/aid-vulnerable-venezuelans-food-education\/\">ALIMENTACI\u00d3N<\/a><\/h3><p class=\"elementor-image-box-description\">Fortalecer a las familias venezolanas m\u00e1s vulnerables en sus necesidades nutricionales. Entregaremos kits de alimentos a comedores populares y hogares de bajos recursos en ciudades venezolanas como Caracas, Barquisimeto, Carora, Valera y Maracaibo, as\u00ed como a inmigrantes y no inmigrantes en Estados Unidos.<\/p><\/div><\/div>\t\t\t\t<\/div>\n\t\t\t\t<\/div>\n\t\t\t\t<div class=\"elementor-element elementor-element-12ba52c elementor-align-center elementor-widget__width-initial elementor-widget elementor-widget-button\" data-id=\"12ba52c\" data-element_type=\"widget\" data-e-type=\"widget\" data-widget_type=\"button.default\">\n\t\t\t\t<div class=\"elementor-widget-container\">\n\t\t\t\t\t\t\t\t\t<div class=\"elementor-button-wrapper\">\n\t\t\t\t\t<a class=\"elementor-button elementor-size-sm\" role=\"button\">\n\t\t\t\t\t\t<span class=\"elementor-button-content-wrapper\">\n\t\t\t\t\t\t\t\t\t<span class=\"elementor-button-text\">VER M\u00c1S<\/span>\n\t\t\t\t\t<\/span>\n\t\t\t\t\t<\/a>\n\t\t\t\t<\/div>\n\t\t\t\t\t\t\t\t<\/div>\n\t\t\t\t<\/div>\n\t\t\t\t<\/div>\n\t\t<div class=\"elementor-element elementor-element-364251f e-con-full e-flex wpr-particle-no wpr-jarallax-no wpr-parallax-no wpr-sticky-section-no wpr-column-slider-no wpr-equal-height-no e-con e-child\" data-id=\"364251f\" data-element_type=\"container\" data-e-type=\"container\">\n\t\t\t\t<div class=\"elementor-element elementor-element-74cb493 elementor-position-top elementor-widget elementor-widget-image-box\" data-id=\"74cb493\" data-element_type=\"widget\" data-e-type=\"widget\" data-widget_type=\"image-box.default\">\n\t\t\t\t<div class=\"elementor-widget-container\">\n\t\t\t\t\t<div class=\"elementor-image-box-wrapper\"><figure class=\"elementor-image-box-img\"><a href=\"https:\/\/www.globalgiving.org\/projects\/nutrition-education-and-empowerment-for-venezuela\/\" tabindex=\"-1\"><img decoding=\"async\" width=\"2560\" height=\"1684\" src=\"https:\/\/coromoto2020.com\/renew\/wp-content\/uploads\/2025\/11\/IMG_4456-2-3-scaled.jpg\" class=\"attachment-full size-full wp-image-833\" alt=\"\" srcset=\"https:\/\/coromoto2020.com\/renew\/wp-content\/uploads\/2025\/11\/IMG_4456-2-3-scaled.jpg 2560w, https:\/\/coromoto2020.com\/renew\/wp-content\/uploads\/2025\/11\/IMG_4456-2-3-300x197.jpg 300w, https:\/\/coromoto2020.com\/renew\/wp-content\/uploads\/2025\/11\/IMG_4456-2-3-1024x674.jpg 1024w, https:\/\/coromoto2020.com\/renew\/wp-content\/uploads\/2025\/11\/IMG_4456-2-3-768x505.jpg 768w, https:\/\/coromoto2020.com\/renew\/wp-content\/uploads\/2025\/11\/IMG_4456-2-3-1536x1010.jpg 1536w, https:\/\/coromoto2020.com\/renew\/wp-content\/uploads\/2025\/11\/IMG_4456-2-3-2048x1347.jpg 2048w\" sizes=\"(max-width: 2560px) 100vw, 2560px\" \/><\/a><\/figure><div class=\"elementor-image-box-content\"><h3 class=\"elementor-image-box-title\"><a href=\"https:\/\/www.globalgiving.org\/projects\/nutrition-education-and-empowerment-for-venezuela\/\">MANANTIAL DE ESPERANZA<\/a><\/h3><p class=\"elementor-image-box-description\">Proporcionar comidas nutritivas diarias y educaci\u00f3n temprana de calidad a 53 ni\u00f1os en edad preescolar en Venezuela, donde el hambre y la escasez de docentes amenazan el futuro del aprendizaje. Capacitaremos a 20 docentes con estrategias actualizadas y contextualizadas, y capacitaremos a 12 cocineras escolares con habilidades vocacionales para apoyar el programa: nutrir a sus comunidades a trav\u00e9s de la nutrici\u00f3n, el conocimiento y la dignidad.<\/p><\/div><\/div>\t\t\t\t<\/div>\n\t\t\t\t<\/div>\n\t\t\t\t<div class=\"elementor-element elementor-element-6beafc5 elementor-align-center elementor-widget__width-initial elementor-widget elementor-widget-button\" data-id=\"6beafc5\" data-element_type=\"widget\" data-e-type=\"widget\" data-widget_type=\"button.default\">\n\t\t\t\t<div class=\"elementor-widget-container\">\n\t\t\t\t\t\t\t\t\t<div class=\"elementor-button-wrapper\">\n\t\t\t\t\t<a class=\"elementor-button elementor-size-sm\" role=\"button\">\n\t\t\t\t\t\t<span class=\"elementor-button-content-wrapper\">\n\t\t\t\t\t\t\t\t\t<span class=\"elementor-button-text\">VER M\u00c1S<\/span>\n\t\t\t\t\t<\/span>\n\t\t\t\t\t<\/a>\n\t\t\t\t<\/div>\n\t\t\t\t\t\t\t\t<\/div>\n\t\t\t\t<\/div>\n\t\t\t\t<\/div>\n\t\t\t\t<\/div>\n\t\t\t\t\t<\/div>\n\t\t\t\t<\/div>\n\t\t<div class=\"elementor-element elementor-element-33486d8 e-flex e-con-boxed wpr-particle-no wpr-jarallax-no wpr-parallax-no wpr-sticky-section-no wpr-column-slider-no wpr-equal-height-no e-con e-parent\" data-id=\"33486d8\" data-element_type=\"container\" data-e-type=\"container\" data-settings=\"{&quot;background_background&quot;:&quot;classic&quot;}\">\n\t\t\t\t\t<div class=\"e-con-inner\">\n\t\t\t\t<div class=\"elementor-element elementor-element-3c4df33 elementor-position-left elementor-widget__width-initial elementor-vertical-align-top elementor-widget elementor-widget-image-box\" data-id=\"3c4df33\" data-element_type=\"widget\" data-e-type=\"widget\" data-widget_type=\"image-box.default\">\n\t\t\t\t<div class=\"elementor-widget-container\">\n\t\t\t\t\t<div class=\"elementor-image-box-wrapper\"><figure class=\"elementor-image-box-img\"><img decoding=\"async\" width=\"88\" height=\"87\" src=\"https:\/\/coromoto2020.com\/renew\/wp-content\/uploads\/2025\/01\/Logo-grande-70x69.png\" class=\"attachment-full size-full wp-image-37\" alt=\"\" srcset=\"https:\/\/coromoto2020.com\/renew\/wp-content\/uploads\/2025\/01\/Logo-grande-70x69.png 70w, https:\/\/coromoto2020.com\/renew\/wp-content\/uploads\/2025\/01\/Logo-grande.png 88w\" sizes=\"(max-width: 88px) 100vw, 88px\" \/><\/figure><div class=\"elementor-image-box-content\"><h3 class=\"elementor-image-box-title\">\u00a1REG\u00cdSTRATE!<\/h3><p class=\"elementor-image-box-description\">Te mandendremos informado de nuestro trabajo y eventos<\/p><\/div><\/div>\t\t\t\t<\/div>\n\t\t\t\t<\/div>\n\t\t\t\t<div class=\"elementor-element elementor-element-cbbae26 elementor-widget__width-initial wpr-step-type-number_text wpr-step-content-layout-vertical wpr-custom-styles-yes elementor-widget elementor-widget-wpr-form-builder\" data-id=\"cbbae26\" data-element_type=\"widget\" data-e-type=\"widget\" data-settings=\"{&quot;button_width&quot;:{&quot;unit&quot;:&quot;%&quot;,&quot;size&quot;:33,&quot;sizes&quot;:[]},&quot;success_message&quot;:&quot;Submission successful&quot;,&quot;error_message&quot;:&quot;Submission failed&quot;,&quot;button_width_tablet&quot;:{&quot;unit&quot;:&quot;px&quot;,&quot;size&quot;:&quot;&quot;,&quot;sizes&quot;:[]},&quot;button_width_mobile&quot;:{&quot;unit&quot;:&quot;px&quot;,&quot;size&quot;:&quot;&quot;,&quot;sizes&quot;:[]},&quot;step_type&quot;:&quot;number_text&quot;,&quot;step_content_layout&quot;:&quot;vertical&quot;}\" data-widget_type=\"wpr-form-builder.default\">\n\t\t\t\t<div class=\"elementor-widget-container\">\n\t\t\t\t\t\t\t<form class=\"wpr-form\" method=\"post\" name=\"New Form\" page=\"Proyectos\" page_id=\"302\" novalidate>\n\t\t\t<input type=\"hidden\" name=\"post_id\" value=\"302\"\/>\n\t\t\t<input type=\"hidden\" name=\"form_id\" value=\"cbbae26\"\/>\n\t\t\t<input type=\"hidden\" name=\"referer_title\" value=\"\" \/>\n\n\t\t\t<div class=\"wpr-step-wrap\"><\/div>\n\t\t\t<div class=\"wpr-form-fields-wrap wpr-labels-\">\n\t\t\t\t\t\t\t\t\t<div class=\"wpr-form-field-type-email wpr-field-group wpr-column wpr-field-group-email elementor-repeater-item-d200321 wpr-form-field-required\">\n\t\t\t\t\t\t\t\t\t\t\t\t\t\t<label for=\"form-field-email\" class=\"wpr-form-field-label wpr-hidden-element\" data-alt-label=\"Email\">\n\t\t\t\t\t\t\t\t\tEmail\t\t\t\t\t\t\t\t<\/label>\n\t\t\t\t\t\t\t<input size=\"1 \"type=\"email\" name=\"form_fields[email]\" id=\"form-field-email\" class=\"wpr-form-field  wpr-form-field-textual\" placeholder=\"email@ejemplo.com\" required=\"required\" aria-required=\"true\">\t\t\t\t\t<\/div>\n\t\t\t\t<div class=\"wpr-field-group wpr-stp-btns-wrap wpr-column wpr-form-field-type-submit\" data-actions=\"[&quot;email&quot;]\" data-redirect-url=\"\" data-mailchimp-fields=\"{&quot;email_field&quot;:&quot;&quot;,&quot;first_name_field&quot;:&quot;&quot;,&quot;last_name_field&quot;:&quot;&quot;,&quot;address_field&quot;:&quot;&quot;,&quot;phone_field&quot;:&quot;&quot;,&quot;birthday_field&quot;:&quot;&quot;,&quot;group_id&quot;:&quot;&quot;}\" data-list-id=\"\">\t\t\t<button type=\"submit\" class=\"wpr-button\">\n\t\t\t\t<span >\n\t\t\t\t\t\t\t\t\t\t\t\t\t\t\t\t<span>SUSCRIBIR &gt;<\/span>\n\t\t\t\t\t\t\t\t\t\t\t\t\t\t<\/span>\t\n\t\t\t\t<div class=\"wpr-double-bounce wpr-loader-hidden\">\n\t\t\t\t\t<div class=\"wpr-child wpr-double-bounce1\"><\/div>\n\t\t\t\t\t<div class=\"wpr-child wpr-double-bounce2\"><\/div>\n\t\t\t\t<\/div>\n\t\t\t<\/button>\n\t\t<\/div>\t\t\t\t\n\t\t\t<\/div>\n\t\t<\/form>\n\t  \t\t\t\t<\/div>\n\t\t\t\t<\/div>\n\t\t\t\t\t<\/div>\n\t\t\t\t<\/div>\n\t\t<div class=\"elementor-element elementor-element-2817c9e e-flex e-con-boxed wpr-particle-no wpr-jarallax-no wpr-parallax-no wpr-sticky-section-no wpr-column-slider-no wpr-equal-height-no e-con e-parent\" data-id=\"2817c9e\" data-element_type=\"container\" data-e-type=\"container\">\n\t\t\t\t\t<div class=\"e-con-inner\">\n\t\t\t\t\t<\/div>\n\t\t\t\t<\/div>\n\t\t\t\t<\/div>\n\t\t","protected":false},"excerpt":{"rendered":"<p>PROYECTOS Fortalecemos a las familias venezolanas m\u00e1s vulnerables en sus necesidades nutricionales y formaci\u00f3n&nbsp; (diplomados, talleres de habilidades blandas y de valores); transmitimos esperanza y generamos un profundo compromiso social en nuestros voluntarios.&nbsp; Entregamos kits de alimentos a comedores populares y hogares de bajos recursos en ciudades venezolanas como Caracas, Barquisimeto, Carora, Valera y Maracaibo, as\u00ed como a inmigrantes y no inmigrantes en Estados Unidos. EDUCACI\u00d3N Coromoto2020, en colaboraci\u00f3n con el Centro de Innovaci\u00f3n Educativa de la UCAB, trabajamos en la modernizaci\u00f3n y el desarrollo de habilidades de aprendizaje mediante un programa de capacitaci\u00f3n innovador que dota a los docentes de las competencias necesarias para mejorar el aprendizaje y fortalecer las capacidades de los ni\u00f1os venezolanos. VER M\u00c1S ALIMENTACI\u00d3N Fortalecer a las familias venezolanas m\u00e1s vulnerables en sus necesidades nutricionales. Entregaremos kits de alimentos a comedores populares y hogares de bajos recursos en ciudades venezolanas como Caracas, Barquisimeto, Carora, Valera y Maracaibo, as\u00ed como a inmigrantes y no inmigrantes en Estados Unidos. VER M\u00c1S MANANTIAL DE ESPERANZA Proporcionar comidas nutritivas diarias y educaci\u00f3n temprana de calidad a 53 ni\u00f1os en edad preescolar en Venezuela, donde el hambre y la escasez de docentes amenazan el futuro del aprendizaje. Capacitaremos a 20 docentes con estrategias actualizadas y contextualizadas, y capacitaremos a 12 cocineras escolares con habilidades vocacionales para apoyar el programa: nutrir a sus comunidades a trav\u00e9s de la nutrici\u00f3n, el conocimiento y la dignidad. VER M\u00c1S \u00a1REG\u00cdSTRATE! Te mandendremos informado de nuestro trabajo y eventos Email SUSCRIBIR ><\/p>\n","protected":false},"author":1,"featured_media":0,"parent":0,"menu_order":0,"comment_status":"closed","ping_status":"closed","template":"","meta":{"give_campaign_id":0,"_eb_attr":"","site-sidebar-layout":"no-sidebar","site-content-layout":"","ast-site-content-layout":"full-width-container","site-content-style":"default","site-sidebar-style":"default","ast-global-header-display":"","ast-banner-title-visibility":"","ast-main-header-display":"","ast-hfb-above-header-display":"","ast-hfb-below-header-display":"","ast-hfb-mobile-header-display":"","site-post-title":"","ast-breadcrumbs-content":"","ast-featured-img":"disabled","footer-sml-layout":"","ast-disable-related-posts":"","theme-transparent-header-meta":"","adv-header-id-meta":"","stick-header-meta":"","header-above-stick-meta":"","header-main-stick-meta":"","header-below-stick-meta":"","astra-migrate-meta-layouts":"default","ast-page-background-enabled":"default","ast-page-background-meta":{"desktop":{"background-color":"var(--ast-global-color-5)","background-image":"","background-repeat":"repeat","background-position":"center center","background-size":"auto","background-attachment":"scroll","background-type":"","background-media":"","overlay-type":"","overlay-color":"","overlay-opacity":"","overlay-gradient":""},"tablet":{"background-color":"","background-image":"","background-repeat":"repeat","background-position":"center center","background-size":"auto","background-attachment":"scroll","background-type":"","background-media":"","overlay-type":"","overlay-color":"","overlay-opacity":"","overlay-gradient":""},"mobile":{"background-color":"","background-image":"","background-repeat":"repeat","background-position":"center center","background-size":"auto","background-attachment":"scroll","background-type":"","background-media":"","overlay-type":"","overlay-color":"","overlay-opacity":"","overlay-gradient":""}},"ast-content-background-meta":{"desktop":{"background-color":"var(--ast-global-color-4)","background-image":"","background-repeat":"repeat","background-position":"center center","background-size":"auto","background-attachment":"scroll","background-type":"","background-media":"","overlay-type":"","overlay-color":"","overlay-opacity":"","overlay-gradient":""},"tablet":{"background-color":"var(--ast-global-color-4)","background-image":"","background-repeat":"repeat","background-position":"center center","background-size":"auto","background-attachment":"scroll","background-type":"","background-media":"","overlay-type":"","overlay-color":"","overlay-opacity":"","overlay-gradient":""},"mobile":{"background-color":"var(--ast-global-color-4)","background-image":"","background-repeat":"repeat","background-position":"center center","background-size":"auto","background-attachment":"scroll","background-type":"","background-media":"","overlay-type":"","overlay-color":"","overlay-opacity":"","overlay-gradient":""}},"footnotes":""},"class_list":["post-302","page","type-page","status-publish","hentry"],"campaignId":"","rttpg_featured_image_url":null,"rttpg_author":{"display_name":"5e8mk","author_link":"https:\/\/coromoto2020.com\/renew\/author\/5e8mk\/"},"rttpg_comment":0,"rttpg_category":null,"rttpg_excerpt":"PROYECTOS Fortalecemos a las familias venezolanas m\u00e1s vulnerables en sus necesidades nutricionales y formaci\u00f3n&nbsp; (diplomados, talleres de habilidades blandas y de valores); transmitimos esperanza y generamos un profundo compromiso social en nuestros voluntarios.&nbsp; Entregamos kits de alimentos a comedores populares y hogares de bajos recursos en ciudades venezolanas como Caracas, Barquisimeto, Carora, Valera y Maracaibo,&hellip;","_links":{"self":[{"href":"https:\/\/coromoto2020.com\/renew\/wp-json\/wp\/v2\/pages\/302","targetHints":{"allow":["GET"]}}],"collection":[{"href":"https:\/\/coromoto2020.com\/renew\/wp-json\/wp\/v2\/pages"}],"about":[{"href":"https:\/\/coromoto2020.com\/renew\/wp-json\/wp\/v2\/types\/page"}],"author":[{"embeddable":true,"href":"https:\/\/coromoto2020.com\/renew\/wp-json\/wp\/v2\/users\/1"}],"replies":[{"embeddable":true,"href":"https:\/\/coromoto2020.com\/renew\/wp-json\/wp\/v2\/comments?post=302"}],"version-history":[{"count":58,"href":"https:\/\/coromoto2020.com\/renew\/wp-json\/wp\/v2\/pages\/302\/revisions"}],"predecessor-version":[{"id":933,"href":"https:\/\/coromoto2020.com\/renew\/wp-json\/wp\/v2\/pages\/302\/revisions\/933"}],"wp:attachment":[{"href":"https:\/\/coromoto2020.com\/renew\/wp-json\/wp\/v2\/media?parent=302"}],"curies":[{"name":"wp","href":"https:\/\/api.w.org\/{rel}","templated":true}]}}